{"id":393,"date":"2022-10-12T15:32:45","date_gmt":"2022-10-12T15:32:45","guid":{"rendered":"https:\/\/demo.creativethemes.com\/elementor\/wood\/?page_id=393"},"modified":"2023-12-02T10:58:01","modified_gmt":"2023-12-02T10:58:01","slug":"kontakt","status":"publish","type":"page","link":"https:\/\/masinskaobrada.com\/index.php\/kontakt\/","title":{"rendered":"KONTAKT"},"content":{"rendered":"\t\t<div data-elementor-type=\"wp-page\" data-elementor-id=\"393\" class=\"elementor elementor-393\">\n\t\t\t\t\t\t\t<div class=\"elementor-element elementor-element-acaf148 e-flex e-con-boxed e-con e-parent\" data-id=\"acaf148\" data-element_type=\"container\" data-settings=\"{&quot;background_background&quot;:&quot;classic&quot;,&quot;content_width&quot;:&quot;boxed&quot;}\" data-core-v316-plus=\"true\">\n\t\t\t\t\t<div class=\"e-con-inner\">\n\t\t\t\t<div class=\"elementor-element elementor-element-386786c elementor-widget elementor-widget-heading\" data-id=\"386786c\" data-element_type=\"widget\" data-widget_type=\"heading.default\">\n\t\t\t\t<div class=\"elementor-widget-container\">\n\t\t\t<style>\/*! elementor - v3.17.0 - 08-11-2023 *\/\n.elementor-heading-title{padding:0;margin:0;line-height:1}.elementor-widget-heading .elementor-heading-title[class*=elementor-size-]>a{color:inherit;font-size:inherit;line-height:inherit}.elementor-widget-heading .elementor-heading-title.elementor-size-small{font-size:15px}.elementor-widget-heading .elementor-heading-title.elementor-size-medium{font-size:19px}.elementor-widget-heading .elementor-heading-title.elementor-size-large{font-size:29px}.elementor-widget-heading .elementor-heading-title.elementor-size-xl{font-size:39px}.elementor-widget-heading .elementor-heading-title.elementor-size-xxl{font-size:59px}<\/style><h2 class=\"elementor-heading-title elementor-size-default\"> Kontaktirajte nas danas kako bismo razgovarali o va\u0161im potrebama i pru\u017eili vam optimalno re\u0161enje ili savet.<\/h2>\t\t<\/div>\n\t\t\t\t<\/div>\n\t\t\t\t\t<\/div>\n\t\t\t\t<\/div>\n\t\t<div class=\"elementor-element elementor-element-314ef04 e-flex e-con-boxed e-con e-parent\" data-id=\"314ef04\" data-element_type=\"container\" data-settings=\"{&quot;content_width&quot;:&quot;boxed&quot;}\" data-core-v316-plus=\"true\">\n\t\t\t\t\t<div class=\"e-con-inner\">\n\t\t<div class=\"elementor-element elementor-element-a067120 e-con-full e-flex e-con e-child\" data-id=\"a067120\" data-element_type=\"container\" data-settings=\"{&quot;content_width&quot;:&quot;full&quot;,&quot;background_background&quot;:&quot;classic&quot;}\">\n\t\t\t\t<div class=\"elementor-element elementor-element-b183565 elementor-position-left elementor-view-default elementor-mobile-position-top elementor-vertical-align-top elementor-widget elementor-widget-icon-box\" data-id=\"b183565\" data-element_type=\"widget\" data-widget_type=\"icon-box.default\">\n\t\t\t\t<div class=\"elementor-widget-container\">\n\t\t\t<link rel=\"stylesheet\" href=\"https:\/\/masinskaobrada.com\/wp-content\/plugins\/elementor\/assets\/css\/widget-icon-box.min.css\">\t\t<div class=\"elementor-icon-box-wrapper\">\n\t\t\t\t\t\t<div class=\"elementor-icon-box-icon\">\n\t\t\t\t<a href=\"http:\/\/+381%2062%20276-232\" class=\"elementor-icon elementor-animation-\" tabindex=\"-1\">\n\t\t\t\t<svg xmlns=\"http:\/\/www.w3.org\/2000\/svg\" viewBox=\"0 0 60 60\"><path d=\"M60 53.4c-.3 1.1-1.4 1.7-2.5 1.6H2.4c-1.3 0-2.1-.5-2.3-1.5l-.1-.7v-4.5c-.2-1.1.7-2.2 1.8-2.3H2V26a7.4 7.4 0 0 1 6-7.4 7.6 7.6 0 0 1 8.6 4.8l.7 1.1 2.2 2.2 1.2-1.3c.7-.9 2-1 2.8-.3l.3.3 1.8 1.8.1.1 1.4-1.4-1.3-1.3a1 1 0 0 1-.2-1.4l.1-.1a1 1 0 0 1 1.4 0l.1.1 4.1 4.1c.4.3.5 1 .2 1.4l-.1.1a1 1 0 0 1-1.4 0l-.1-.1-.7-.7-.6-.7-1.5 1.5 1.9 1.9c.9.7 1 2 .4 2.9l-.4.4-1.4 1.3.7.4c.3.3.4.2.8.1 4.5-2.3 9.7-2.3 14.2-.1l2.5 1.5a7 7 0 0 0-.8-4.3 7 7 0 0 1 2-9.7 7 7 0 0 1 9.7 2 7 7 0 0 1 .2 7.3 7.8 7.8 0 0 0-1.1 4.2v7.6c0 .4.1.6.5.8.6.2 1.1.5 1.7.6.9.2 1.5.8 1.8 1.7l.2 6zm-2-.4v-5l-.3-.3-1.6-.6A28.8 28.8 0 0 1 46 39.9a13.9 13.9 0 0 0-15.1-2.8c-2.1 1-4 2.6-5.2 4.6A14.9 14.9 0 0 1 13 48H2v5h56zm-44.4-7-.2-.6a26 26 0 0 1-.5-10.4 39 39 0 0 1 1.9-6.9c.4-1.1.5-2.4.1-3.6a5.6 5.6 0 0 0-6.3-3.9A5.4 5.4 0 0 0 4 26v20h9.6zM54 39v-2.9c-.1-1.6.4-3.1 1.2-4.4a5 5 0 0 0-1.5-6.9 5.2 5.2 0 0 0-6.5.9 5 5 0 0 0-.6 5.7c1 1.6 1.4 3.4 1.3 5.2v2.3l6.1.1zm-38.3-7.5a24 24 0 0 0-.1 14.3c3.6-.5 6.8-2.6 8.7-5.7l-8.6-8.6zm1.4-4.3-.5 1.6c-.2.3-.1.7.2.9l8.3 8.3.5.5 1.4-1.3-9.9-10zm3.8.7 5.6 5.6 1.3-1.3-5.6-5.6-1.3 1.3zM50.1 41c1.2 1 2.5 2 3.9 2.7V41h-3.9zM24.7 4.9c2.6 0 5.2 1 7 2.9a7.3 7.3 0 0 1 1.9 7.3c-.8 2.9-3.6 4.8-7 4.8-2.8.1-5.2-2-5.7-4.7-.4-1.8.3-3.8 2-4.8 1.7-.9 3.8-.7 5.3.6 1 .8 1.2 2.3.4 3.3l-.6.5a5 5 0 0 1-2.7.8c-.6.1-1.1-.3-1.2-.9v-.1c0-.6.4-.9 1.1-1l1.5-.4c.5-.2.5-.5 0-.8-.9-.6-2-.7-2.9-.1-.8.7-1.2 1.7-.9 2.7a3.6 3.6 0 0 0 3 2.9c2.6.6 5.2-1.1 5.8-3.8l.1-.5c.1-1.6-.4-3.3-1.6-4.4a7.7 7.7 0 0 0-9.7-1 5.4 5.4 0 0 0-2.4 4.4v.3c0 .6-.5 1-1 1s-1-.5-1-1a7 7 0 0 1 3-6.1 9 9 0 0 1 5.6-1.9zM35.3 40c-2.1.1-4 1.1-5.3 2.7l-2.2 2.9a10.7 10.7 0 0 1-4.1 3.2c-.7.3-1.3.2-1.5-.4s0-1.1.7-1.4a9.6 9.6 0 0 0 3.9-3.3l1.9-2.5c1.6-2 4.1-3.2 6.7-3.2h.2c1 0 1.5.4 1.5 1.1-.1.6-.6.9-1.8.9zm4.7-1a1 1 0 0 1 0 2c-.5 0-1-.5-.9-1-.1-.5.3-1 .9-1z\"><\/path><\/svg>\t\t\t\t<\/a>\n\t\t\t<\/div>\n\t\t\t\t\t\t<div class=\"elementor-icon-box-content\">\n\t\t\t\t<h4 class=\"elementor-icon-box-title\">\n\t\t\t\t\t<a href=\"http:\/\/+381%2062%20276-232\" >\n\t\t\t\t\t\tIvan PETROVI\u0106\t\t\t\t\t<\/a>\n\t\t\t\t<\/h4>\n\t\t\t\t\t\t\t\t\t<p class=\"elementor-icon-box-description\">\n\t\t\t\t\t\tZanatska radnja za ma\u0161insku obradu metala PETROVI\u0106-M<\/br>\n37235, Trnavci, Serbia<\/br>\n+381 62 276-232\t\t\t\t\t<\/p>\n\t\t\t\t\t\t\t<\/div>\n\t\t<\/div>\n\t\t\t\t<\/div>\n\t\t\t\t<\/div>\n\t\t\t\t<\/div>\n\t\t<div class=\"elementor-element elementor-element-054536f e-con-full e-flex e-con e-child\" data-id=\"054536f\" data-element_type=\"container\" data-settings=\"{&quot;content_width&quot;:&quot;full&quot;,&quot;background_background&quot;:&quot;classic&quot;}\">\n\t\t\t\t<div class=\"elementor-element elementor-element-772d401 elementor-widget elementor-widget-heading\" data-id=\"772d401\" data-element_type=\"widget\" data-widget_type=\"heading.default\">\n\t\t\t\t<div class=\"elementor-widget-container\">\n\t\t\t<h3 class=\"elementor-heading-title elementor-size-default\">Zaka\u017eite razgovor ili postavite pitanje<\/h3>\t\t<\/div>\n\t\t\t\t<\/div>\n\t\t\t\t<div class=\"elementor-element elementor-element-a0b8303 elementor-widget elementor-widget-text-editor\" data-id=\"a0b8303\" data-element_type=\"widget\" data-widget_type=\"text-editor.default\">\n\t\t\t\t<div class=\"elementor-widget-container\">\n\t\t\t<style>\/*! elementor - v3.17.0 - 08-11-2023 *\/\n.elementor-widget-text-editor.elementor-drop-cap-view-stacked .elementor-drop-cap{background-color:#69727d;color:#fff}.elementor-widget-text-editor.elementor-drop-cap-view-framed .elementor-drop-cap{color:#69727d;border:3px solid;background-color:transparent}.elementor-widget-text-editor:not(.elementor-drop-cap-view-default) .elementor-drop-cap{margin-top:8px}.elementor-widget-text-editor:not(.elementor-drop-cap-view-default) .elementor-drop-cap-letter{width:1em;height:1em}.elementor-widget-text-editor .elementor-drop-cap{float:left;text-align:center;line-height:1;font-size:50px}.elementor-widget-text-editor .elementor-drop-cap-letter{display:inline-block}<\/style>\t\t\t\t<p>po\u0161aljite poruku sa popunjenim podacima kako bi smo u \u0161to kra\u0107em intervalu napravili kontakt i dali povratne informacije o va\u0161im zahtevima:<\/p>\t\t\t\t\t\t<\/div>\n\t\t\t\t<\/div>\n\t\t\t\t<div class=\"elementor-element elementor-element-e30e3b3 elementor-widget elementor-widget-wpforms\" data-id=\"e30e3b3\" data-element_type=\"widget\" data-widget_type=\"wpforms.default\">\n\t\t\t\t<div class=\"elementor-widget-container\">\n\t\t\t<style id=\"wpforms-css-vars-root\">\n\t\t\t\t:root {\n\t\t\t\t\t--wpforms-field-border-radius: 3px;\n--wpforms-field-background-color: #ffffff;\n--wpforms-field-border-color: rgba( 0, 0, 0, 0.25 );\n--wpforms-field-text-color: rgba( 0, 0, 0, 0.7 );\n--wpforms-label-color: rgba( 0, 0, 0, 0.85 );\n--wpforms-label-sublabel-color: rgba( 0, 0, 0, 0.55 );\n--wpforms-label-error-color: #d63637;\n--wpforms-button-border-radius: 3px;\n--wpforms-button-background-color: #066aab;\n--wpforms-button-text-color: #ffffff;\n--wpforms-field-size-input-height: 43px;\n--wpforms-field-size-input-spacing: 15px;\n--wpforms-field-size-font-size: 16px;\n--wpforms-field-size-line-height: 19px;\n--wpforms-field-size-padding-h: 14px;\n--wpforms-field-size-checkbox-size: 16px;\n--wpforms-field-size-sublabel-spacing: 5px;\n--wpforms-field-size-icon-size: 1;\n--wpforms-label-size-font-size: 16px;\n--wpforms-label-size-line-height: 19px;\n--wpforms-label-size-sublabel-font-size: 14px;\n--wpforms-label-size-sublabel-line-height: 17px;\n--wpforms-button-size-font-size: 17px;\n--wpforms-button-size-height: 41px;\n--wpforms-button-size-padding-h: 15px;\n--wpforms-button-size-margin-top: 10px;\n\n\t\t\t\t}\n\t\t\t<\/style><div class=\"wpforms-container wpforms-render-modern\" id=\"wpforms-217\"><form id=\"wpforms-form-1144\" class=\"wpforms-validate wpforms-form wpforms-ajax-form\" data-formid=\"1144\" method=\"post\" enctype=\"multipart\/form-data\" action=\"\/index.php\/wp-json\/wp\/v2\/pages\/393\" data-token=\"098317e13ed400bb5cdbcd54867fdd2f\"><noscript class=\"wpforms-error-noscript\">Please enable JavaScript in your browser to complete this form.<\/noscript><div class=\"wpforms-hidden\" id=\"wpforms-error-noscript\">Please enable JavaScript in your browser to complete this form.<\/div><div class=\"wpforms-field-container\"><div id=\"wpforms-217-field_0-container\" class=\"wpforms-field wpforms-field-name\" data-field-id=\"0\"><label class=\"wpforms-field-label wpforms-label-hide\" for=\"wpforms-217-field_0\" aria-hidden=\"false\">Name <span class=\"wpforms-required-label\" aria-hidden=\"true\">*<\/span><\/label><input type=\"text\" id=\"wpforms-217-field_0\" class=\"wpforms-field-large wpforms-field-required\" name=\"wpforms[fields][0]\" placeholder=\"Your name\" aria-errormessage=\"wpforms-217-field_0-error\" required><\/div><div id=\"wpforms-217-field_1-container\" class=\"wpforms-field wpforms-field-email\" data-field-id=\"1\"><label class=\"wpforms-field-label wpforms-label-hide\" for=\"wpforms-217-field_1\" aria-hidden=\"false\">Email <span class=\"wpforms-required-label\" aria-hidden=\"true\">*<\/span><\/label><input type=\"email\" id=\"wpforms-217-field_1\" class=\"wpforms-field-large wpforms-field-required\" name=\"wpforms[fields][1]\" placeholder=\"Your email\" spellcheck=\"false\" aria-errormessage=\"wpforms-217-field_1-error\" required><\/div><div id=\"wpforms-217-field_3-container\" class=\"wpforms-field wpforms-field-text\" data-field-id=\"3\"><label class=\"wpforms-field-label wpforms-label-hide\" for=\"wpforms-217-field_3\" aria-hidden=\"false\">Single Line Text<\/label><input type=\"text\" id=\"wpforms-217-field_3\" class=\"wpforms-field-large\" name=\"wpforms[fields][3]\" placeholder=\"Subject\" aria-errormessage=\"wpforms-217-field_3-error\" ><\/div><div id=\"wpforms-217-field_2-container\" class=\"wpforms-field wpforms-field-textarea\" data-field-id=\"2\"><label class=\"wpforms-field-label wpforms-label-hide\" for=\"wpforms-217-field_2\" aria-hidden=\"false\">Comment or Message<\/label><textarea id=\"wpforms-217-field_2\" class=\"wpforms-field-large\" name=\"wpforms[fields][2]\" placeholder=\"Message\" aria-errormessage=\"wpforms-217-field_2-error\" ><\/textarea><\/div><\/div><!-- .wpforms-field-container --><div class=\"wpforms-submit-container\" ><input type=\"hidden\" name=\"wpforms[id]\" value=\"217\"><input type=\"hidden\" name=\"wpforms[author]\" value=\"1\"><button type=\"submit\" name=\"wpforms[submit]\" id=\"wpforms-submit-217\" class=\"wpforms-submit\" data-alt-text=\"Sending...\" data-submit-text=\"Send Message\" aria-live=\"assertive\" value=\"wpforms-submit\">Send Message<\/button><img decoding=\"async\" src=\"https:\/\/masinskaobrada.com\/wp-content\/plugins\/wpforms-lite\/assets\/images\/submit-spin.svg\" class=\"wpforms-submit-spinner\" style=\"display: none;\" width=\"26\" height=\"26\" alt=\"Loading\"><\/div><\/form><\/div>  <!-- .wpforms-container -->\t\t<\/div>\n\t\t\t\t<\/div>\n\t\t\t\t<\/div>\n\t\t\t\t\t<\/div>\n\t\t\t\t<\/div>\n\t\t<div class=\"elementor-element elementor-element-fd4284e e-flex e-con-boxed e-con e-parent\" data-id=\"fd4284e\" data-element_type=\"container\" data-settings=\"{&quot;content_width&quot;:&quot;boxed&quot;}\" data-core-v316-plus=\"true\">\n\t\t\t\t\t<div class=\"e-con-inner\">\n\t\t<div class=\"elementor-element elementor-element-720d018 e-con-full e-flex e-con e-child\" data-id=\"720d018\" data-element_type=\"container\" data-settings=\"{&quot;content_width&quot;:&quot;full&quot;,&quot;background_background&quot;:&quot;classic&quot;}\">\n\t\t\t\t<div class=\"elementor-element elementor-element-1dfb1a7 elementor-widget elementor-widget-heading\" data-id=\"1dfb1a7\" data-element_type=\"widget\" data-widget_type=\"heading.default\">\n\t\t\t\t<div class=\"elementor-widget-container\">\n\t\t\t<h2 class=\"elementor-heading-title elementor-size-default\">Gde se nalazimo<\/h2>\t\t<\/div>\n\t\t\t\t<\/div>\n\t\t\t\t<div class=\"elementor-element elementor-element-57aeb53 elementor-widget elementor-widget-text-editor\" data-id=\"57aeb53\" data-element_type=\"widget\" data-widget_type=\"text-editor.default\">\n\t\t\t\t<div class=\"elementor-widget-container\">\n\t\t\t\t\t\t\t<p>Na\u0161i ma\u0161inski objekti se nalaze na pravcu puta Kru\u0161evac &#8211; Aleksandrovac u mestu Trnavci koje je 5 \u043a\u043c \u043e\u0434 \u043c\u0430\u0433\u0438\u0441\u0442\u0440\u0430\u043b\u043d\u043e\u0433 \u043f\u0443\u0442\u0430 207.<\/p>\t\t\t\t\t\t<\/div>\n\t\t\t\t<\/div>\n\t\t\t\t<\/div>\n\t\t<div class=\"elementor-element elementor-element-e42b04a e-con-full e-flex e-con e-child\" data-id=\"e42b04a\" data-element_type=\"container\" data-settings=\"{&quot;content_width&quot;:&quot;full&quot;}\">\n\t\t\t\t<div class=\"elementor-element elementor-element-0569402 elementor-widget elementor-widget-google_maps\" data-id=\"0569402\" data-element_type=\"widget\" data-widget_type=\"google_maps.default\">\n\t\t\t\t<div class=\"elementor-widget-container\">\n\t\t\t<style>\/*! elementor - v3.17.0 - 08-11-2023 *\/\n.elementor-widget-google_maps .elementor-widget-container{overflow:hidden}.elementor-widget-google_maps .elementor-custom-embed{line-height:0}.elementor-widget-google_maps iframe{height:300px}<\/style>\t\t<div class=\"elementor-custom-embed\">\n\t\t\t<iframe loading=\"lazy\"\n\t\t\t\t\tsrc=\"https:\/\/maps.google.com\/maps?q=Trnavci&#038;t=m&#038;z=17&#038;output=embed&#038;iwloc=near\"\n\t\t\t\t\ttitle=\"Trnavci\"\n\t\t\t\t\taria-label=\"Trnavci\"\n\t\t\t><\/iframe>\n\t\t<\/div>\n\t\t\t\t<\/div>\n\t\t\t\t<\/div>\n\t\t\t\t<\/div>\n\t\t\t\t\t<\/div>\n\t\t\t\t<\/div>\n\t\t\t\t\t\t\t<\/div>\n\t\t","protected":false},"excerpt":{"rendered":"<p>Kontaktirajte nas danas kako bismo razgovarali o va\u0161im potrebama i pru\u017eili vam optimalno re\u0161enje ili savet. Ivan PETROVI\u0106 Zanatska radnja za ma\u0161insku obradu metala PETROVI\u0106-M 37235, Trnavci, Serbia +381 62 276-232 Zaka\u017eite razgovor ili postavite pitanje po\u0161aljite poruku sa popunjenim podacima kako bi smo u \u0161to kra\u0107em intervalu napravili kontakt i dali povratne informacije o [&hellip;]<\/p>\n","protected":false},"author":1,"featured_media":0,"parent":0,"menu_order":0,"comment_status":"closed","ping_status":"closed","template":"","meta":{"footnotes":""},"class_list":["post-393","page","type-page","status-publish","hentry"],"blocksy_meta":{"page_title_panel":"","has_hero_section":"disabled","26f8926d8db6f8aa983ea55950a93564":"","hero_section":"type-1","hero_elements":[{"id":"custom_title","enabled":true,"heading_tag":"h1","title":"Home"},{"id":"custom_description","enabled":true,"description_visibility":{"desktop":true,"tablet":true,"mobile":false}},{"id":"custom_meta","enabled":false,"meta_elements":[{"id":"author","enabled":true,"label":"By","has_author_avatar":"yes","avatar_size":25},{"id":"post_date","enabled":true,"label":"On","date_format_source":"default","date_format":"M j, Y"},{"id":"updated_date","enabled":false,"label":"On","date_format_source":"default","date_format":"M j, Y"},{"id":"categories","enabled":false,"label":"In","style":"simple"},{"id":"comments","enabled":true}],"page_meta_elements":{"joined":true,"articles_count":true,"comments":true}},{"id":"breadcrumbs","enabled":false}],"09c5f7f2e7707645ed47677b2fa03e5c":"","hero_alignment1":"CT_CSS_SKIP_RULE","hero_margin":40,"hero_alignment2":"center","hero_vertical_alignment":"center","dbe9e1d9abc997fb3ba12ecfe744d83b":"","hero_structure":"narrow","ea0639cae9b6492025c780154f167dc1":"","page_title_bg_type":"featured_image","custom_hero_background":{"attachment_id":null},"page_title_image_size":"full","parallax":{"desktop":false,"tablet":false,"mobile":false},"22a65788760cba1cf27007ee79321aaa":"","hero_height":"250px","pageTitleFont":{"family":"Default","variation":"Default","size":"30px","line-height":"CT_CSS_SKIP_RULE","letter-spacing":"CT_CSS_SKIP_RULE","text-transform":"CT_CSS_SKIP_RULE","text-decoration":"CT_CSS_SKIP_RULE"},"pageTitleFontColor":{"default":{"color":"CT_CSS_SKIP_RULEDEFAULT"}},"pageMetaFont":{"family":"Default","variation":"n6","size":"12px","line-height":"1.3","letter-spacing":"CT_CSS_SKIP_RULE","text-transform":"uppercase","text-decoration":"CT_CSS_SKIP_RULE"},"pageMetaFontColor":{"default":{"color":"CT_CSS_SKIP_RULEDEFAULT"},"hover":{"color":"CT_CSS_SKIP_RULEDEFAULT"}},"page_meta_button_type_font_colors":{"default":{"color":"CT_CSS_SKIP_RULEDEFAULT"},"hover":{"color":"CT_CSS_SKIP_RULEDEFAULT"}},"page_meta_button_type_background_colors":{"default":{"color":"CT_CSS_SKIP_RULEDEFAULT"},"hover":{"color":"CT_CSS_SKIP_RULEDEFAULT"}},"pageExcerptFont":{"family":"Default","variation":"Default","size":"CT_CSS_SKIP_RULE","line-height":"CT_CSS_SKIP_RULE","letter-spacing":"CT_CSS_SKIP_RULE","text-transform":"CT_CSS_SKIP_RULE","text-decoration":"CT_CSS_SKIP_RULE"},"pageExcerptColor":{"default":{"color":"CT_CSS_SKIP_RULEDEFAULT"}},"breadcrumbsFont":{"family":"Default","variation":"Default","size":"CT_CSS_SKIP_RULE","line-height":"CT_CSS_SKIP_RULE","letter-spacing":"CT_CSS_SKIP_RULE","text-transform":"CT_CSS_SKIP_RULE","text-decoration":"CT_CSS_SKIP_RULE"},"breadcrumbsFontColor":{"default":{"color":"CT_CSS_SKIP_RULEDEFAULT"},"initial":{"color":"CT_CSS_SKIP_RULEDEFAULT"},"hover":{"color":"CT_CSS_SKIP_RULEDEFAULT"}},"pageTitleOverlay":{"background_type":"color","background_pattern":"type-1","background_image":{"attachment_id":null,"x":0,"y":0},"gradient":"linear-gradient(135deg,rgba(6,147,227,1) 0%,rgb(155,81,224) 100%)","background_repeat":"repeat","background_size":"auto","background_attachment":"scroll","patternColor":{"default":{"color":"#e5e7ea"}},"overlayColor":{"default":{"color":"CT_CSS_SKIP_RULE"}},"backgroundColor":{"default":{"color":"CT_CSS_SKIP_RULE"}}},"pageTitleBackground":{"background_type":"color","background_pattern":"type-1","background_image":{"attachment_id":null,"x":0,"y":0},"gradient":"linear-gradient(135deg,rgba(6,147,227,1) 0%,rgb(155,81,224) 100%)","background_repeat":"repeat","background_size":"auto","background_attachment":"scroll","patternColor":{"default":{"color":"#e5e7ea"}},"overlayColor":{"default":{"color":"CT_CSS_SKIP_RULE"}},"backgroundColor":{"default":{"color":"var(--theme-palette-color-6)"}}},"pageTitlePadding":{"top":"50px","bottom":"50px","left":"auto","right":"auto","linked":true},"c3a78691d2f2d65c5d8ff633d79fcea5":"","page_structure_type":"default","2469cfacbf48a4afa5b46184c7c62cff":"","content_style_source":"inherit","content_style":"wide","vertical_spacing_source":"custom","content_area_spacing":"none","background":{"background_type":"color","background_pattern":"type-1","background_image":{"attachment_id":null,"x":0,"y":0},"gradient":"linear-gradient(135deg,rgba(6,147,227,1) 0%,rgb(155,81,224) 100%)","background_repeat":"repeat","background_size":"auto","background_attachment":"scroll","patternColor":{"default":{"color":"#e5e7ea"}},"overlayColor":{"default":{"color":"CT_CSS_SKIP_RULE"}},"backgroundColor":{"default":{"color":"CT_CSS_SKIP_RULE"}}},"content_background":{"background_type":"color","background_pattern":"type-1","background_image":{"attachment_id":null,"x":0,"y":0},"gradient":"linear-gradient(135deg,rgba(6,147,227,1) 0%,rgb(155,81,224) 100%)","background_repeat":"repeat","background_size":"auto","background_attachment":"scroll","patternColor":{"default":{"color":"#e5e7ea"}},"overlayColor":{"default":{"color":"CT_CSS_SKIP_RULE"}},"backgroundColor":{"default":{"color":"var(--theme-palette-color-8)"}}},"content_boxed_shadow":{"inherit":false,"blur":18,"spread":-6,"v_offset":12,"h_offset":0,"inset":false,"enable":true,"color":{"color":"rgba(34, 56, 101, 0.04)"}},"content_boxed_border":{"width":1,"style":"none","color":{"color":"rgba(44,62,80,0.2)"}},"content_boxed_radius":{"top":"3px","bottom":"3px","left":"3px","right":"3px","linked":true},"boxed_content_spacing":{"desktop":{"top":"40px","bottom":"40px","left":"40px","right":"40px","linked":true},"tablet":{"top":"35px","bottom":"35px","left":"35px","right":"35px","linked":true},"mobile":{"top":"20px","bottom":"20px","left":"20px","right":"20px","linked":true}},"b41d691a654113382d88a2d9f15750bb":"","disable_featured_image":"no","disable_share_box":"no","disable_header":"no","disable_footer":"no","styles_descriptor":{"styles":{"desktop":"","tablet":"","mobile":""},"google_fonts":[],"version":6}},"_links":{"self":[{"href":"https:\/\/masinskaobrada.com\/index.php\/wp-json\/wp\/v2\/pages\/393","targetHints":{"allow":["GET"]}}],"collection":[{"href":"https:\/\/masinskaobrada.com\/index.php\/wp-json\/wp\/v2\/pages"}],"about":[{"href":"https:\/\/masinskaobrada.com\/index.php\/wp-json\/wp\/v2\/types\/page"}],"author":[{"embeddable":true,"href":"https:\/\/masinskaobrada.com\/index.php\/wp-json\/wp\/v2\/users\/1"}],"replies":[{"embeddable":true,"href":"https:\/\/masinskaobrada.com\/index.php\/wp-json\/wp\/v2\/comments?post=393"}],"version-history":[{"count":23,"href":"https:\/\/masinskaobrada.com\/index.php\/wp-json\/wp\/v2\/pages\/393\/revisions"}],"predecessor-version":[{"id":1394,"href":"https:\/\/masinskaobrada.com\/index.php\/wp-json\/wp\/v2\/pages\/393\/revisions\/1394"}],"wp:attachment":[{"href":"https:\/\/masinskaobrada.com\/index.php\/wp-json\/wp\/v2\/media?parent=393"}],"curies":[{"name":"wp","href":"https:\/\/api.w.org\/{rel}","templated":true}]}}